{"id":22177,"date":"2024-09-03T00:05:51","date_gmt":"2024-09-03T05:05:51","guid":{"rendered":"https:\/\/dostinhurtado.com\/site\/?page_id=22177"},"modified":"2025-11-14T00:45:58","modified_gmt":"2025-11-14T05:45:58","slug":"contacto","status":"publish","type":"page","link":"https:\/\/dostinhurtado.com\/site\/contacto\/","title":{"rendered":"Contacto"},"content":{"rendered":"\n<div class=\"wp-block-uagb-container uagb-block-39d50500 alignfull uagb-is-root-container\"><div class=\"uagb-container-inner-blocks-wrap\">\n<div class=\"wp-block-uagb-advanced-heading uagb-block-179290c2\" id=\"CONTACTO\"><h1 class=\"uagb-heading-text\">CONTACTO<\/h1><p class=\"uagb-desc-text\">Este espacio est\u00e1 habilitado para un contacto m\u00e1s directo. Aunque leo todos los mensajes, debido a la cantidad, me reservo el derecho de responder solo a los m\u00e1s relevantes.<\/p><\/div>\n<\/div><\/div>\n\n\n\n<div class=\"wp-block-uagb-container uagb-block-9b5984bf alignfull uagb-is-root-container\"><div class=\"uagb-container-inner-blocks-wrap\">\n<div class=\"wp-block-uagb-container uagb-block-12d31c26\"><div  class=\"wp-block-ultimate-post-heading ultp-block-30ae89\"><div class=\"ultp-block-wrapper\"><div class=\"ultp-heading-wrap ultp-heading-style5 ultp-heading-left\"><h2 class=\"ultp-heading-inner\"><span>Contacto Directo<\/span><\/h2><div class=\"ultp-sub-heading\"><div class=\"ultp-sub-heading-inner\"><em>No dudes en contactarme o seguirme a trav\u00e9s de los siguientes enlaces:<\/em><\/div><\/div><\/div><\/div><\/div>\n\n\n<div class=\"wp-block-ultimate-post-social-icons ultp-block-9b16b6\"><ul class=\"ultp-social-icons-wrapper ultp-social-icons-layout1\">\n<li class=\"wp-block-ultimate-post-social ultp-block-925de2\"><a href=\"https:\/\/www.youtube.com\/dostinhurtado\" class=\"ultp-social-content\" target=\"_blank\" rel=\"noopener\"><div class=\"ultp-social-bg\"><svg xmlns=\"http:\/\/www.w3.org\/2000\/svg\" viewBox=\"0 0 48 33.86\"><path d=\"M47.134 5.29a5.893 5.893 0 0 0-4.232-4.232C39.055 0 24.05 0 24.05 0S9.044 0 5.293.962A6.146 6.146 0 0 0 .965 5.29C.003 9.041.003 16.929.003 16.929s0 7.887.962 11.638A5.894 5.894 0 0 0 5.197 32.8c3.847 1.058 18.853 1.058 18.853 1.058s15.005 0 18.756-1.058a6.059 6.059 0 0 0 4.232-4.233C48 24.816 48 16.929 48 16.929s.1-7.888-.866-11.639M19.141 21.928v-10a1.237 1.237 0 0 1 1.845-1.077l8.85 5a1.237 1.237 0 0 1 0 2.153l-8.85 5a1.237 1.237 0 0 1-1.845-1.077\"><\/path><\/svg><\/div><div class=\"ultp-social-title-container\"><div class=\"ultp-social-title\">Youtube<\/div><\/div><\/a><\/li>\n\n\n\n<li class=\"wp-block-ultimate-post-social ultp-block-1ec1a5\"><a href=\"https:\/\/www.facebook.com\/DostinHurtado2\/\" class=\"ultp-social-content\" target=\"_blank\" rel=\"noopener\"><div class=\"ultp-social-bg\"><svg xmlns=\"http:\/\/www.w3.org\/2000\/svg\" viewBox=\"0 0 50 50\"><path d=\"M50 4.4v41.1c0 2.5-2 4.4-4.4 4.4H34.5V31.1c0-.4.1-.6.5-.5h5.4c.4 0 .6 0 .6-.5.3-2.3.6-4.6.9-7 0-.4-.1-.4-.4-.4h-6.6c-.3 0-.5-.1-.5-.4v-4.8c-.1-1.5 1-2.9 2.6-3H41.6c.3 0 .4-.1.4-.4V7.9c0-.4-.1-.4-.5-.4-1.5 0-6.7 0-7.8.2-4 .7-6.9 4-7.2 8.1-.1 2.2 0 4.4 0 6.6 0 .5-.1.6-.6.6h-5.5c-.3 0-.4.1-.4.4v7c0 .3.1.4.4.4h5.5c.5 0 .6.1.6.6v18.8H4.4C2 50 0 48 0 45.5V4.4C0 2 2 0 4.4 0h41.1C48 0 50 2 50 4.4z\"><\/path><\/svg><\/div><div class=\"ultp-social-title-container\"><div class=\"ultp-social-title\">Facebook<\/div><\/div><\/a><\/li>\n\n\n\n<li class=\"wp-block-ultimate-post-social ultp-block-d994ef\"><a href=\"https:\/\/www.instagram.com\/DostinHurtado2\/\" class=\"ultp-social-content\" target=\"_blank\" rel=\"noopener\"><div class=\"ultp-social-bg\"><svg xmlns=\"http:\/\/www.w3.org\/2000\/svg\" viewBox=\"0 0 44 44\"><g><path d=\"M30.889 22a8.883 8.883 0 0 1-8.976 8.888A8.932 8.932 0 1 1 30.889 22\"><\/path><path d=\"M22 0C1.18 0 0 1.179 0 22s1.18 22 22 22 22-1.179 22-22S42.821 0 22 0m0 35.816A13.818 13.818 0 1 1 35.816 22 13.817 13.817 0 0 1 22 35.816m14.362-24.948a3.194 3.194 0 0 1-3.256-3.256 3.248 3.248 0 0 1 3.256-3.256 3.175 3.175 0 0 1 3.168 3.256 3.123 3.123 0 0 1-3.168 3.256\"><\/path><\/g><\/svg><\/div><div class=\"ultp-social-title-container\"><div class=\"ultp-social-title\">Instagram<\/div><\/div><\/a><\/li>\n\n\n\n<li class=\"wp-block-ultimate-post-social ultp-block-cf0090\"><a href=\"https:\/\/tiktok.com\/@dostin.hurtado\" class=\"ultp-social-content\" target=\"_blank\" rel=\"noopener\"><div class=\"ultp-social-bg\"><svg xmlns=\"http:\/\/www.w3.org\/2000\/svg\" viewBox=\"0 0 35.699 50\"><path d=\"M27.638 5.514A13.716 13.716 0 0 1 26.162 0h-6.835v28.914a6.244 6.244 0 1 1-6.241-6.247 6.086 6.086 0 0 1 1.965.32v-7.002a12.836 12.836 0 0 0-1.965-.149A13.082 13.082 0 1 0 26.16 28.918V14.134a17.847 17.847 0 0 0 10.454 3.277l.162-6.834c-4.405-.105-7.4-1.761-9.14-5.063\"><\/path><\/svg><\/div><div class=\"ultp-social-title-container\"><div class=\"ultp-social-title\">TikTok<\/div><\/div><\/a><\/li>\n\n\n\n<li class=\"wp-block-ultimate-post-social ultp-block-20c577\"><a href=\"https:\/\/pinterest.com\/dostinhurtado\/\" class=\"ultp-social-content\" target=\"_blank\" rel=\"noopener\"><div class=\"ultp-social-bg\"><svg xmlns=\"http:\/\/www.w3.org\/2000\/svg\" viewBox=\"0 0 48 48\"><path d=\"M48.004 23.995a24 24 0 0 1-24 24.005 23.735 23.735 0 0 1-10.948-2.65h.086a15.084 15.084 0 0 0 4.8-6.914 35.685 35.685 0 0 0 1.729-7.009v-.192c.1-.384.192-.384.48-.192.1 0 .1.1.192.1a7.385 7.385 0 0 0 4.322 2.112 11.879 11.879 0 0 0 7.491-.96 16.739 16.739 0 0 0 4.513-3.649 11.277 11.277 0 0 0 1-1.354 17.413 17.413 0 0 0 2.574-7.278 16.381 16.381 0 0 0-1.1-8.555 13.1 13.1 0 0 0-4.774-5.569 17.523 17.523 0 0 0-8.067-2.977A20.935 20.935 0 0 0 15.45 4.065a15.91 15.91 0 0 0-9.028 8.258 11.865 11.865 0 0 0-.288 9.89 8.5 8.5 0 0 0 5.859 4.993c.288.1.384 0 .384-.288.192-1.056.384-2.112.576-3.073 0-.192 0-.384-.192-.48a8.869 8.869 0 0 1-1.825-2.688 6.966 6.966 0 0 1 .1-5.377 12.226 12.226 0 0 1 7.875-7.778 14.92 14.92 0 0 1 7.4-.672c5.475.912 7.914 6.625 7.559 11.685a15.147 15.147 0 0 1-2.757 7.423 7.589 7.589 0 0 1-4.129 2.976 5.108 5.108 0 0 1-4.226-.768 2.864 2.864 0 0 1-1.153-2.3 9.668 9.668 0 0 1 .769-3.745c.48-1.44 1.056-2.785 1.44-4.225a10.787 10.787 0 0 0 .384-3.072 3.408 3.408 0 0 0-4.206-2.977 5.336 5.336 0 0 0-2.641 1.364c-1.892 1.785-2.4 5.175-1.6 7.566a7.772 7.772 0 0 1-.1 4.9c-.864 2.976-1.825 6.049-2.5 9.122a28.284 28.284 0 0 0-.672 7.489 8.268 8.268 0 0 0 .576 3.063 24 24 0 1 1 34.949-21.356\"><\/path><\/svg><\/div><div class=\"ultp-social-title-container\"><div class=\"ultp-social-title\">Pinterest<\/div><\/div><\/a><\/li>\n\n\n\n<li class=\"wp-block-ultimate-post-social ultp-block-fe9c82\"><a href=\"mailto:contacto@dostinhurtado.com\" class=\"ultp-social-content\" target=\"_blank\" rel=\"noopener\"><div class=\"ultp-social-bg\"><svg xmlns=\"http:\/\/www.w3.org\/2000\/svg\" viewBox=\"0 0 24 24\"><path d=\"M10 17.389H8.444A5.194 5.194 0 1 1 8.444 7H10v1.5H8.444a3.694 3.694 0 0 0 0 7.389H10v1.5ZM14 7h1.556a5.194 5.194 0 0 1 0 10.39H14v-1.5h1.556a3.694 3.694 0 0 0 0-7.39H14V7Zm-4.5 6h5v-1.5h-5V13Z\"><\/path><\/svg><\/div><div class=\"ultp-social-title-container\"><div class=\"ultp-social-title\"><a href=\"mailto:Contacto@DostinHurtado.com\" target=\"_blank\" rel=\"noreferrer noopener\">Contacto@DostinHurtado.com<\/a><\/div><\/div><\/a><\/li>\n<\/ul><\/div>\n<\/div>\n\n\n\n<div class=\"wp-block-uagb-container uagb-block-1885a6bf\">\n<div class=\"wp-block-uagb-advanced-heading uagb-block-aa2460e0\"><h2 class=\"uagb-heading-text\">Cont\u00e1ctame<\/h2><p class=\"uagb-desc-text\">Recuerda que todos los campos con <strong>*<\/strong> son obligatorios<\/p><\/div>\n\n\n<style id=\"wpforms-css-vars-26968-block-e492e673-2e58-4646-a0a6-560bd14fd871\">\n\t\t\t\t#wpforms-26968.wpforms-block-e492e673-2e58-4646-a0a6-560bd14fd871 {\n\t\t\t\t--wpforms-field-size-input-height: 50px;\n--wpforms-field-size-input-spacing: 20px;\n--wpforms-field-size-font-size: 18px;\n--wpforms-field-size-line-height: 21px;\n--wpforms-field-size-padding-h: 14px;\n--wpforms-field-size-checkbox-size: 18px;\n--wpforms-field-size-sublabel-spacing: 10px;\n--wpforms-field-size-icon-size: 1.25;\n--wpforms-label-size-font-size: 16px;\n--wpforms-label-size-line-height: 19px;\n--wpforms-label-size-sublabel-font-size: 14px;\n--wpforms-label-size-sublabel-line-height: 17px;\n--wpforms-button-size-font-size: 17px;\n--wpforms-button-size-height: 41px;\n--wpforms-button-size-padding-h: 15px;\n--wpforms-button-size-margin-top: 10px;\n\t\t\t}\n\t\t\t<\/style><div class=\"wpforms-container wpforms-container-full wpforms-block wpforms-block-e492e673-2e58-4646-a0a6-560bd14fd871 wpforms-render-modern\" id=\"wpforms-26968\"><form id=\"wpforms-form-26968\" class=\"wpforms-validate wpforms-form wpforms-ajax-form\" data-formid=\"26968\" method=\"post\" enctype=\"multipart\/form-data\" action=\"\/site\/wp-json\/wp\/v2\/pages\/22177\" data-token=\"e7179df689ab0d0d5b7a164bc58f900c\" data-token-time=\"1776115655\"><noscript class=\"wpforms-error-noscript\">Por favor, activa JavaScript en tu navegador para completar este formulario.<\/noscript><div id=\"wpforms-error-noscript\" style=\"display: none;\">Por favor, activa JavaScript en tu navegador para completar este formulario.<\/div><div class=\"wpforms-field-container\"><div id=\"wpforms-26968-field_1-container\" class=\"wpforms-field wpforms-field-name\" data-field-id=\"1\"><label class=\"wpforms-field-label\" for=\"wpforms-26968-field_1\">Nombre <span class=\"wpforms-required-label\" aria-hidden=\"true\">*<\/span><\/label><input type=\"text\" id=\"wpforms-26968-field_1\" class=\"wpforms-field-medium wpforms-field-required\" name=\"wpforms[fields][1]\" placeholder=\"Ej: Dostin\" aria-errormessage=\"wpforms-26968-field_1-error\" required><\/div>\t\t<div id=\"wpforms-26968-field_4-container\"\n\t\t\tclass=\"wpforms-field wpforms-field-text\"\n\t\t\tdata-field-type=\"text\"\n\t\t\tdata-field-id=\"4\"\n\t\t\t>\n\t\t\t<label class=\"wpforms-field-label\" for=\"wpforms-26968-field_4\" >Electronico Correo Mensaje<\/label>\n\t\t\t<input type=\"text\" id=\"wpforms-26968-field_4\" class=\"wpforms-field-medium\" name=\"wpforms[fields][4]\" >\n\t\t<\/div>\n\t\t<div id=\"wpforms-26968-field_2-container\" class=\"wpforms-field wpforms-field-email\" data-field-id=\"2\"><label class=\"wpforms-field-label\" for=\"wpforms-26968-field_2\">Correo Electronico <span class=\"wpforms-required-label\" aria-hidden=\"true\">*<\/span><\/label><input type=\"email\" id=\"wpforms-26968-field_2\" class=\"wpforms-field-medium wpforms-field-required\" name=\"wpforms[fields][2]\" placeholder=\"Ej: Contacto@DostinHurtado.com\" spellcheck=\"false\" aria-errormessage=\"wpforms-26968-field_2-error\" required><\/div><div id=\"wpforms-26968-field_3-container\" class=\"wpforms-field wpforms-field-textarea\" data-field-id=\"3\"><label class=\"wpforms-field-label\" for=\"wpforms-26968-field_3\">Comentario o Mensaje <span class=\"wpforms-required-label\" aria-hidden=\"true\">*<\/span><\/label><textarea id=\"wpforms-26968-field_3\" class=\"wpforms-field-large wpforms-field-required\" name=\"wpforms[fields][3]\" placeholder=\"Escribe tu mensaje :)\" aria-errormessage=\"wpforms-26968-field_3-error\" required><\/textarea><\/div><script>\n\t\t\t\t( function() {\n\t\t\t\t\tconst style = document.createElement( 'style' );\n\t\t\t\t\tstyle.appendChild( document.createTextNode( '#wpforms-26968-field_4-container { position: absolute !important; overflow: hidden !important; display: inline !important; height: 1px !important; width: 1px !important; z-index: -1000 !important; padding: 0 !important; } #wpforms-26968-field_4-container input { visibility: hidden; } #wpforms-conversational-form-page #wpforms-26968-field_4-container label { counter-increment: none; }' ) );\n\t\t\t\t\tdocument.head.appendChild( style );\n\t\t\t\t\tdocument.currentScript?.remove();\n\t\t\t\t} )();\n\t\t\t<\/script><\/div><!-- .wpforms-field-container --><div class=\"wpforms-submit-container\" ><input type=\"hidden\" name=\"wpforms[id]\" value=\"26968\"><input type=\"hidden\" name=\"page_title\" value=\"\"><input type=\"hidden\" name=\"page_url\" value=\"https:\/\/dostinhurtado.com\/site\/wp-json\/wp\/v2\/pages\/22177\"><input type=\"hidden\" name=\"url_referer\" value=\"\"><button type=\"submit\" name=\"wpforms[submit]\" id=\"wpforms-submit-26968\" class=\"wpforms-submit\" data-alt-text=\"Enviando...\" data-submit-text=\"ENVIAR\" aria-live=\"assertive\" value=\"wpforms-submit\">ENVIAR<\/button><img decoding=\"async\" src=\"https:\/\/dostinhurtado.com\/site\/wp-content\/plugins\/wpforms-lite\/assets\/images\/submit-spin.svg\" class=\"wpforms-submit-spinner\" style=\"display: none;\" width=\"26\" height=\"26\" alt=\"Cargando\"><\/div><\/form><\/div>  <!-- .wpforms-container --><\/div>\n<\/div><\/div>\n\n\n\n<div class=\"wp-block-ultimate-post-post-grid-parent ultp-post-grid-parent\" data-postid=\"22177\" data-grids=\"[]\" data-pagi=\"[]\"><\/div>\n","protected":false},"excerpt":{"rendered":"<p>CONTACTO Este espacio est\u00e1 habilitado para un contacto m\u00e1s directo. Aunque leo todos los mensajes, debido a la cantidad, me [&hellip;]<\/p>\n","protected":false},"author":1,"featured_media":0,"parent":0,"menu_order":0,"comment_status":"closed","ping_status":"closed","template":"","meta":{"_uag_custom_page_level_css":"","site-sidebar-layout":"default","site-content-layout":"","ast-site-content-layout":"default","site-content-style":"default","site-sidebar-style":"default","ast-global-header-display":"","ast-banner-title-visibility":"","ast-main-header-display":"","ast-hfb-above-header-display":"","ast-hfb-below-header-display":"","ast-hfb-mobile-header-display":"","site-post-title":"","ast-breadcrumbs-content":"","ast-featured-img":"","footer-sml-layout":"","ast-disable-related-posts":"","theme-transparent-header-meta":"","adv-header-id-meta":"","stick-header-meta":"","header-above-stick-meta":"","header-main-stick-meta":"","header-below-stick-meta":"","astra-migrate-meta-layouts":"default","ast-page-background-enabled":"default","ast-page-background-meta":{"desktop":{"background-color":"var(--ast-global-color-4)","background-image":"","background-repeat":"repeat","background-position":"center center","background-size":"auto","background-attachment":"scroll","background-type":"","background-media":"","overlay-type":"","overlay-color":"","overlay-opacity":"","overlay-gradient":""},"tablet":{"background-color":"","background-image":"","background-repeat":"repeat","background-position":"center center","background-size":"auto","background-attachment":"scroll","background-type":"","background-media":"","overlay-type":"","overlay-color":"","overlay-opacity":"","overlay-gradient":""},"mobile":{"background-color":"","background-image":"","background-repeat":"repeat","background-position":"center center","background-size":"auto","background-attachment":"scroll","background-type":"","background-media":"","overlay-type":"","overlay-color":"","overlay-opacity":"","overlay-gradient":""}},"ast-content-background-meta":{"desktop":{"background-color":"var(--ast-global-color-5)","background-image":"","background-repeat":"repeat","background-position":"center center","background-size":"auto","background-attachment":"scroll","background-type":"","background-media":"","overlay-type":"","overlay-color":"","overlay-opacity":"","overlay-gradient":""},"tablet":{"background-color":"var(--ast-global-color-5)","background-image":"","background-repeat":"repeat","background-position":"center center","background-size":"auto","background-attachment":"scroll","background-type":"","background-media":"","overlay-type":"","overlay-color":"","overlay-opacity":"","overlay-gradient":""},"mobile":{"background-color":"var(--ast-global-color-5)","background-image":"","background-repeat":"repeat","background-position":"center center","background-size":"auto","background-attachment":"scroll","background-type":"","background-media":"","overlay-type":"","overlay-color":"","overlay-opacity":"","overlay-gradient":""}},"footnotes":""},"class_list":["post-22177","page","type-page","status-publish","hentry"],"yoast_head":"<!-- This site is optimized with the Yoast SEO Premium plugin v26.9 (Yoast SEO v27.3) - https:\/\/yoast.com\/product\/yoast-seo-premium-wordpress\/ -->\n<title>Contacto - Dostin Hurtado<\/title>\n<meta name=\"robots\" content=\"index, follow, max-snippet:-1, max-image-preview:large, max-video-preview:-1\" \/>\n<link rel=\"canonical\" href=\"https:\/\/dostinhurtado.com\/site\/contacto\/\" \/>\n<meta property=\"og:locale\" content=\"es_ES\" \/>\n<meta property=\"og:type\" content=\"article\" \/>\n<meta property=\"og:title\" content=\"Contacto\" \/>\n<meta property=\"og:description\" content=\"CONTACTO Este espacio est\u00e1 habilitado para un contacto m\u00e1s directo. Aunque leo todos los mensajes, debido a la cantidad, me [&hellip;]\" \/>\n<meta property=\"og:url\" content=\"https:\/\/dostinhurtado.com\/site\/contacto\/\" \/>\n<meta property=\"og:site_name\" content=\"Dostin Hurtado\" \/>\n<meta property=\"article:modified_time\" content=\"2025-11-14T05:45:58+00:00\" \/>\n<meta name=\"twitter:card\" content=\"summary_large_image\" \/>\n<meta name=\"twitter:label1\" content=\"Tiempo de lectura\" \/>\n\t<meta name=\"twitter:data1\" content=\"1 minuto\" \/>\n<script type=\"application\/ld+json\" class=\"yoast-schema-graph\">{\"@context\":\"https:\\\/\\\/schema.org\",\"@graph\":[{\"@type\":\"WebPage\",\"@id\":\"https:\\\/\\\/dostinhurtado.com\\\/site\\\/contacto\\\/\",\"url\":\"https:\\\/\\\/dostinhurtado.com\\\/site\\\/contacto\\\/\",\"name\":\"Contacto - Dostin Hurtado\",\"isPartOf\":{\"@id\":\"https:\\\/\\\/dostinhurtado.com\\\/site\\\/#website\"},\"datePublished\":\"2024-09-03T05:05:51+00:00\",\"dateModified\":\"2025-11-14T05:45:58+00:00\",\"breadcrumb\":{\"@id\":\"https:\\\/\\\/dostinhurtado.com\\\/site\\\/contacto\\\/#breadcrumb\"},\"inLanguage\":\"es\",\"potentialAction\":[{\"@type\":\"ReadAction\",\"target\":[\"https:\\\/\\\/dostinhurtado.com\\\/site\\\/contacto\\\/\"]}]},{\"@type\":\"BreadcrumbList\",\"@id\":\"https:\\\/\\\/dostinhurtado.com\\\/site\\\/contacto\\\/#breadcrumb\",\"itemListElement\":[{\"@type\":\"ListItem\",\"position\":1,\"name\":\"Portada\",\"item\":\"https:\\\/\\\/dostinhurtado.com\\\/site\\\/\"},{\"@type\":\"ListItem\",\"position\":2,\"name\":\"Contacto\"}]},{\"@type\":\"WebSite\",\"@id\":\"https:\\\/\\\/dostinhurtado.com\\\/site\\\/#website\",\"url\":\"https:\\\/\\\/dostinhurtado.com\\\/site\\\/\",\"name\":\"Dostin Hurtado\",\"description\":\"\u00a1El Conocimiento Es para Todos! - Cursos Gratis\",\"publisher\":{\"@id\":\"https:\\\/\\\/dostinhurtado.com\\\/site\\\/#\\\/schema\\\/person\\\/19f7f0caccebab406700992c37c9583d\"},\"potentialAction\":[{\"@type\":\"SearchAction\",\"target\":{\"@type\":\"EntryPoint\",\"urlTemplate\":\"https:\\\/\\\/dostinhurtado.com\\\/site\\\/?s={search_term_string}\"},\"query-input\":{\"@type\":\"PropertyValueSpecification\",\"valueRequired\":true,\"valueName\":\"search_term_string\"}}],\"inLanguage\":\"es\"},{\"@type\":[\"Person\",\"Organization\"],\"@id\":\"https:\\\/\\\/dostinhurtado.com\\\/site\\\/#\\\/schema\\\/person\\\/19f7f0caccebab406700992c37c9583d\",\"name\":\"Dostin\",\"image\":{\"@type\":\"ImageObject\",\"inLanguage\":\"es\",\"@id\":\"https:\\\/\\\/dostinhurtado.com\\\/site\\\/wp-content\\\/uploads\\\/2024\\\/10\\\/Logo_Retina_Barras.svg\",\"url\":\"https:\\\/\\\/dostinhurtado.com\\\/site\\\/wp-content\\\/uploads\\\/2024\\\/10\\\/Logo_Retina_Barras.svg\",\"contentUrl\":\"https:\\\/\\\/dostinhurtado.com\\\/site\\\/wp-content\\\/uploads\\\/2024\\\/10\\\/Logo_Retina_Barras.svg\",\"width\":65,\"height\":14,\"caption\":\"Dostin\"},\"logo\":{\"@id\":\"https:\\\/\\\/dostinhurtado.com\\\/site\\\/wp-content\\\/uploads\\\/2024\\\/10\\\/Logo_Retina_Barras.svg\"},\"sameAs\":[\"https:\\\/\\\/dostinhurtado.com\\\/site\"]}]}<\/script>\n<!-- \/ Yoast SEO Premium plugin. -->","yoast_head_json":{"title":"Contacto - Dostin Hurtado","robots":{"index":"index","follow":"follow","max-snippet":"max-snippet:-1","max-image-preview":"max-image-preview:large","max-video-preview":"max-video-preview:-1"},"canonical":"https:\/\/dostinhurtado.com\/site\/contacto\/","og_locale":"es_ES","og_type":"article","og_title":"Contacto","og_description":"CONTACTO Este espacio est\u00e1 habilitado para un contacto m\u00e1s directo. Aunque leo todos los mensajes, debido a la cantidad, me [&hellip;]","og_url":"https:\/\/dostinhurtado.com\/site\/contacto\/","og_site_name":"Dostin Hurtado","article_modified_time":"2025-11-14T05:45:58+00:00","twitter_card":"summary_large_image","twitter_misc":{"Tiempo de lectura":"1 minuto"},"schema":{"@context":"https:\/\/schema.org","@graph":[{"@type":"WebPage","@id":"https:\/\/dostinhurtado.com\/site\/contacto\/","url":"https:\/\/dostinhurtado.com\/site\/contacto\/","name":"Contacto - Dostin Hurtado","isPartOf":{"@id":"https:\/\/dostinhurtado.com\/site\/#website"},"datePublished":"2024-09-03T05:05:51+00:00","dateModified":"2025-11-14T05:45:58+00:00","breadcrumb":{"@id":"https:\/\/dostinhurtado.com\/site\/contacto\/#breadcrumb"},"inLanguage":"es","potentialAction":[{"@type":"ReadAction","target":["https:\/\/dostinhurtado.com\/site\/contacto\/"]}]},{"@type":"BreadcrumbList","@id":"https:\/\/dostinhurtado.com\/site\/contacto\/#breadcrumb","itemListElement":[{"@type":"ListItem","position":1,"name":"Portada","item":"https:\/\/dostinhurtado.com\/site\/"},{"@type":"ListItem","position":2,"name":"Contacto"}]},{"@type":"WebSite","@id":"https:\/\/dostinhurtado.com\/site\/#website","url":"https:\/\/dostinhurtado.com\/site\/","name":"Dostin Hurtado","description":"\u00a1El Conocimiento Es para Todos! - Cursos Gratis","publisher":{"@id":"https:\/\/dostinhurtado.com\/site\/#\/schema\/person\/19f7f0caccebab406700992c37c9583d"},"potentialAction":[{"@type":"SearchAction","target":{"@type":"EntryPoint","urlTemplate":"https:\/\/dostinhurtado.com\/site\/?s={search_term_string}"},"query-input":{"@type":"PropertyValueSpecification","valueRequired":true,"valueName":"search_term_string"}}],"inLanguage":"es"},{"@type":["Person","Organization"],"@id":"https:\/\/dostinhurtado.com\/site\/#\/schema\/person\/19f7f0caccebab406700992c37c9583d","name":"Dostin","image":{"@type":"ImageObject","inLanguage":"es","@id":"https:\/\/dostinhurtado.com\/site\/wp-content\/uploads\/2024\/10\/Logo_Retina_Barras.svg","url":"https:\/\/dostinhurtado.com\/site\/wp-content\/uploads\/2024\/10\/Logo_Retina_Barras.svg","contentUrl":"https:\/\/dostinhurtado.com\/site\/wp-content\/uploads\/2024\/10\/Logo_Retina_Barras.svg","width":65,"height":14,"caption":"Dostin"},"logo":{"@id":"https:\/\/dostinhurtado.com\/site\/wp-content\/uploads\/2024\/10\/Logo_Retina_Barras.svg"},"sameAs":["https:\/\/dostinhurtado.com\/site"]}]}},"uagb_featured_image_src":{"full":false,"thumbnail":false,"medium":false,"medium_large":false,"large":false,"1536x1536":false,"2048x2048":false,"ultp_layout_landscape_large":false,"ultp_layout_landscape":false,"ultp_layout_portrait":false,"ultp_layout_square":false,"woocommerce_thumbnail":false,"woocommerce_single":false,"woocommerce_gallery_thumbnail":false},"uagb_author_info":{"display_name":"Dostin","author_link":"https:\/\/dostinhurtado.com\/site\/author\/dostin\/"},"uagb_comment_info":0,"uagb_excerpt":"CONTACTO Este espacio est\u00e1 habilitado para un contacto m\u00e1s directo. Aunque leo todos los mensajes, debido a la cantidad, me [&hellip;]","_links":{"self":[{"href":"https:\/\/dostinhurtado.com\/site\/wp-json\/wp\/v2\/pages\/22177","targetHints":{"allow":["GET"]}}],"collection":[{"href":"https:\/\/dostinhurtado.com\/site\/wp-json\/wp\/v2\/pages"}],"about":[{"href":"https:\/\/dostinhurtado.com\/site\/wp-json\/wp\/v2\/types\/page"}],"author":[{"embeddable":true,"href":"https:\/\/dostinhurtado.com\/site\/wp-json\/wp\/v2\/users\/1"}],"replies":[{"embeddable":true,"href":"https:\/\/dostinhurtado.com\/site\/wp-json\/wp\/v2\/comments?post=22177"}],"version-history":[{"count":7,"href":"https:\/\/dostinhurtado.com\/site\/wp-json\/wp\/v2\/pages\/22177\/revisions"}],"predecessor-version":[{"id":26974,"href":"https:\/\/dostinhurtado.com\/site\/wp-json\/wp\/v2\/pages\/22177\/revisions\/26974"}],"wp:attachment":[{"href":"https:\/\/dostinhurtado.com\/site\/wp-json\/wp\/v2\/media?parent=22177"}],"curies":[{"name":"wp","href":"https:\/\/api.w.org\/{rel}","templated":true}]}}